{"id":264,"date":"2025-02-04T08:58:23","date_gmt":"2025-02-04T06:58:23","guid":{"rendered":"https:\/\/markus.savotskin.wsys.ee\/pluvo2025\/avaleht\/"},"modified":"2025-03-19T10:23:54","modified_gmt":"2025-03-19T08:23:54","slug":"avaleht","status":"publish","type":"page","link":"https:\/\/pluvo.ee\/en\/","title":{"rendered":"Avaleht"},"content":{"rendered":"  <section  class=\"block__wrapper block__padded slider max--width--full block__transparent\" style=\"--p-top-desktop: 0rem; --p-bottom-desktop: 13rem; --p-top-mobile: 0rem; --p-bottom-mobile: 10rem\">\n    <div class=\"slider__carousel splide \">\n      <div class=\"splide__track slider__track\">\n        <div class=\"splide__list slider__list\">\n          \n            <div class=\"splide__slide slider__slide\" data-splide-html-video=\"https:\/\/pluvo.ee\/wp-content\/uploads\/2025\/03\/Avalehe-video.mp4\">\n              <img decoding=\"async\" width=\"1920\" height=\"1080\" src=\"https:\/\/pluvo.ee\/wp-content\/uploads\/2025\/03\/Avalehe-video-kaader.png\" class=\"slider__image\" alt=\"\" \/>\n              <div class=\"slider__overlay\">\n                                  <div data-aos=\"fade-up\" class=\"slider__slogan\">\n                                          <div class=\"slider__caption\">\n                        Esimene valik elektriv\u00f5rkude ehitusel                      <\/div>\n                    \n                                          <div class=\"slider__text\">\n                        Projekteerime, ehitame ja hooldame side- ja elektriv\u00f5rke                      <\/div>\n                    \n                                          <div class=\"slider__button\">\n                        <a href=\"https:\/\/pluvo.ee\/teenus\/elektri-ja-sidevorkude-ehitus\/\" target=\"\" class=\"button button--white button--large\">Vaata meie teenuseid<\/a>\n                      <\/div>\n                                      <\/div>\n                \n                                  <div class=\"slider__icon\">\n                    <img decoding=\"async\" src=\"https:\/\/pluvo.ee\/wp-content\/uploads\/2025\/03\/energy-care.svg\" class=\"attachment-full size-full\" alt=\"\" \/>                  <\/div>\n                              <\/div>\n            <\/div>\n\n                  <\/div>\n      <\/div>\n\n      \n        <\/section>\n\n\n\n\n\n        <div class=\"statistics statistics__background\">\n        <img decoding=\"async\" width=\"1920\" height=\"320\" src=\"https:\/\/pluvo.ee\/wp-content\/uploads\/2025\/02\/56rtygf-1.png\" class=\"attachment-full size-full\" alt=\"\" \/>      \n      <section   class=\"block__wrapper block__padded statistics max--width--medium block__transparent\" style=\"--p-top-desktop: 4rem; --p-bottom-desktop: 4rem; --p-top-mobile: 4rem; --p-bottom-mobile: 4rem\">\n        <div class=\"statistics__wrapper js-bar\">\n        <div id=\"animated-row\" class=\"statistics__content\">\n          \n            \n            <div class=\"statistics__element\">\n              <div class=\"statistics__number\">\n                <span class=\"statistics__number__animated js-animate-number\" data-number=\"30\">30<\/span>\n                <span>aastat<\/span>\n              <\/div>\n              <span class=\"statistics__number__description\">t\u00f6\u00f6kogemust<\/span>\n            <\/div>\n\n          \n            \n            <div class=\"statistics__element\">\n              <div class=\"statistics__number\">\n                <span class=\"statistics__number__animated js-animate-number\" data-number=\"10000\">10000<\/span>\n                <span>+<\/span>\n              <\/div>\n              <span class=\"statistics__number__description\">projekti<\/span>\n            <\/div>\n\n          \n            \n            <div class=\"statistics__element\">\n              <div class=\"statistics__number\">\n                <span class=\"statistics__number__animated js-animate-number\" data-number=\"1000\">1000<\/span>\n                <span>+<\/span>\n              <\/div>\n              <span class=\"statistics__number__description\">rahulolevat klienti<\/span>\n            <\/div>\n\n          \n            \n            <div class=\"statistics__element\">\n              <div class=\"statistics__number\">\n                <span class=\"statistics__number__animated js-animate-number\" data-number=\"40\">40<\/span>\n                <span><\/span>\n              <\/div>\n              <span class=\"statistics__number__description\">oma ala asjatundjat<\/span>\n            <\/div>\n\n                  <\/div>\n        <\/div>\n      <\/section>\n\n            <\/div>\n    \n  \n\n\n\n  <div class=\"block__primary block__bottom-border--transparent\">\n  <section  class=\"block__wrapper block__padded info max--width--medium block__primary\" style=\"--p-top-desktop: 9rem; --p-bottom-desktop: 9rem; --p-top-mobile: 5rem; --p-bottom-mobile: 5rem\">\n    <div class=\"info__wrapper  \">\n              <div class=\"info__left\">\n          <img decoding=\"async\" width=\"895\" height=\"505\" src=\"https:\/\/pluvo.ee\/wp-content\/uploads\/2025\/02\/af4ab437b16af67eba4f20fdbd25d1f6.png\" class=\"attachment-full size-full\" alt=\"\" \/>\n                  <\/div>\n      \n              <div  class=\"info__content\">\n                      <div class=\"info__title\">\n              <h3>Kasuta meie ainulaadset kompetentsi!<\/h3>\n            <\/div>\n          \n                      <div class=\"info__description\">\n              <p>Oleme ainus ettev\u00f5te Eestis, kes tegeleb katoodkaitse projekteerimise ja ehitusega mitmesugustele maa-alustele kommunikatsioonidele: magistraal gaasitorustikele, merekaidele ja mahutitele.<\/p>\n            <\/div>\n          \n          \n    <div class=\"block__button info__button\">\n      <a class=\"button button--white\" href=\"https:\/\/pluvo.ee\/kontakt\/\" target=\"_self\">Saada p\u00e4ring<\/a>\n    <\/div>\n  \n        <\/div>\n          <\/div>\n  <\/section>\n\n  <\/div>\n\n  <section  class=\"block__wrapper block__padded partners max--width--medium block__transparent\" style=\"--p-top-desktop: 18rem; --p-bottom-desktop: rem; --p-top-mobile: 10rem; --p-bottom-mobile: rem\">\n    <div class=\"partners__wrapper\">\n      \n      <div class=\"partners__logos\">\n                                  <a class=\"partners__logo\" href=\"https:\/\/www.saint-gobain.ee\/\" target=\"_blank\">\n                <img decoding=\"async\" src=\"https:\/\/pluvo.ee\/wp-content\/uploads\/2025\/02\/245trgf-1.svg\" alt=\"245trgf 1\">\n              <\/a>\n\n            \n                                  <a class=\"partners__logo\" href=\"https:\/\/www.fortum.com\/\" target=\"_blank\">\n                <img decoding=\"async\" src=\"https:\/\/pluvo.ee\/wp-content\/uploads\/2025\/02\/myIcon-1.svg\" alt=\"myIcon 1\">\n              <\/a>\n\n            \n                                  <a class=\"partners__logo\" href=\"https:\/\/elektrilevi.ee\/et\" target=\"_blank\">\n                <img decoding=\"async\" src=\"https:\/\/pluvo.ee\/wp-content\/uploads\/2025\/02\/elektrilevi.svg\" alt=\"elektrilevi\">\n              <\/a>\n\n            \n                                  <a class=\"partners__logo\" href=\"https:\/\/www.elering.ee\/\" target=\"_blank\">\n                <img decoding=\"async\" src=\"https:\/\/pluvo.ee\/wp-content\/uploads\/2025\/02\/elering.svg\" alt=\"elering\">\n              <\/a>\n\n            \n                                  <a class=\"partners__logo\" href=\"https:\/\/www.tallinn.ee\/et\" target=\"_blank\">\n                <img decoding=\"async\" src=\"https:\/\/pluvo.ee\/wp-content\/uploads\/2025\/02\/tallinn.svg\" alt=\"tallinn\">\n              <\/a>\n\n            \n                                  <a class=\"partners__logo\" href=\"https:\/\/tallinnavesi.ee\/\" target=\"_blank\">\n                <img decoding=\"async\" src=\"https:\/\/pluvo.ee\/wp-content\/uploads\/2025\/02\/tallinna-vesi.png\" alt=\"tallinna-vesi\">\n              <\/a>\n\n            \n                                  <a class=\"partners__logo\" href=\"https:\/\/elenger.ee\/\" target=\"_blank\">\n                <img decoding=\"async\" src=\"https:\/\/pluvo.ee\/wp-content\/uploads\/2025\/02\/elenger.svg\" alt=\"elenger\">\n              <\/a>\n\n            \n                                  <a class=\"partners__logo\" href=\"https:\/\/www.rkas.ee\/et\" target=\"_blank\">\n                <img decoding=\"async\" src=\"https:\/\/pluvo.ee\/wp-content\/uploads\/2025\/02\/riigi-kinnisvara.png\" alt=\"riigi-kinnisvara\">\n              <\/a>\n\n            \n              <\/div>\n\n          <\/div>\n  <\/section>\n\n\n\n  <div class=\"block__transparent block__bottom-border--transparent\">\n  <section  class=\"block__wrapper block__padded info max--width--medium block__transparent\" style=\"--p-top-desktop: 20rem; --p-bottom-desktop: 17rem; --p-top-mobile: 10rem; --p-bottom-mobile: 7rem\">\n    <div class=\"info__wrapper info__wrapper--reverse \">\n              <div class=\"info__left\">\n                      <div class=\"info__slogan\">\n              <h2>Miks valida Pluvo?<\/h2>\n            <\/div>\n                  <\/div>\n      \n              <div  class=\"info__content\">\n          \n                      <div class=\"info__description\">\n              <p>Oleme eestimaine ettev\u00f5tte kes tagab \u00fchiskonna toimimise 24\/7. Projekteerime, ehitame ja hooldame side ja elektriv\u00f5rke, et inimestel oleks valgust ja soojust ning \u00e4rid toimiksid.<\/p>\n<p>T\u00f6\u00f6tame aastast 1993 ja oleme \u00fcks suurematest v\u00f5rguehitajatest Tallinnas ja Harjumaal.<\/p>\n            <\/div>\n          \n          \n    <div class=\"block__button info__button\">\n      <a class=\"button button--outlined-accent\" href=\"https:\/\/pluvo.ee\/kontakt\/\" target=\"_self\">Kontaktid<\/a>\n    <\/div>\n  \n        <\/div>\n          <\/div>\n  <\/section>\n\n  <\/div>\n\n\n<section  class=\"max--width--medium\">\n  <div class=\"divider divider--light-blue\">\n    <hr>\n  <\/div>\n<\/section>\n\n  <div class=\"block__transparent\">\n  <section  class=\"block__wrapper block__padded application max--width--medium block__transparent\" style=\"--p-top-desktop: 9rem; --p-bottom-desktop: 9rem; --p-top-mobile: 5rem; --p-bottom-mobile: 5rem\">\n    <div class=\"application__wrapper\">\n              <div class=\"block__head application__title\">\n          <h2>T\u00f6\u00f6 ja praktika Pluvos<\/h2>\n        <\/div>\n      \n              <div class=\"application__description\">\n          <p>L\u00e4heneme oma t\u00f6\u00f6tajatele individuaalselt. Meil on kaasaegne t\u00f6\u00f6keskkond ja toetavad kolleegid, meie juures Sa ei j\u00e4\u00e4 oma muredega \u00fcksi. Tagame oma t\u00f6\u00f6tajatele kindla ja konkurentsiv\u00f5imelise sissetuleku.<\/p>\n<p>Meie juures ohutus eelk\u00f5ige on p\u00e4riselt toimiv m\u00f5tteviis. V\u00f5id olla kindel, et Sind varustatakse n\u00f5uetekohaste t\u00f6\u00f6vahenditega, viiakse l\u00e4bi v\u00e4lja\u00f5pet ja t\u00f6id planeeritakse alati ohutusest l\u00e4htuvalt.<\/p>\n<p>Praktikantidele pakume sisevaadet kuidas elektriv\u00f5rk toimib. Saad h\u00e4id praktilisi kogemusi mida mujal ei pakuta, tutvud uute inimestega ja teenid t\u00f6\u00f6tasu juba praktika ajal.<\/p>\n        <\/div>\n      \n      <div  class=\"application__content\">\n        <div class=\"application__left\">\n          <div class=\"application__testimonial\">\n            <p>\u201cPluvo-s on lihtne areneda. Mis oli suur ja keeruline aasta tagasi praegu tundub keskmisena.\u201d<\/p>\n          <\/div>\n\n          <div class=\"application__worker\">\n                          <div class=\"application__worker__image\">\n                                  <img decoding=\"async\" width=\"1363\" height=\"1187\" src=\"https:\/\/pluvo.ee\/wp-content\/uploads\/2025\/03\/Jelizaveta.jpg\" class=\"attachment-full size-full\" alt=\"\" \/>\n                              <\/div>\n\n              <div class=\"application__worker__info\">\n                              <span>Jelizaveta<\/span>\n                \n                                  <span>Projekteerija<\/span>\n                              <\/div>\n                      <\/div>\n        <\/div>\n\n        <div class=\"application__image\">\n          <img decoding=\"async\" width=\"600\" height=\"431\" src=\"https:\/\/pluvo.ee\/wp-content\/uploads\/2025\/02\/078f834ba36a8ad084963a916176604e.jpg\" class=\"attachment-full size-full\" alt=\"\" \/>        <\/div>\n\n                  <div class=\"application__icon\">\n            <img decoding=\"async\" src=\"https:\/\/pluvo.ee\/wp-content\/uploads\/2025\/03\/business-consulting-icon.svg\" class=\"attachment-full size-full\" alt=\"\" \/>          <\/div>\n              <\/div>\n\n      \n    <div class=\"block__button application__button\">\n      <a class=\"button button--accent\" href=\"https:\/\/pluvo.ee\/voimalused\/tookohad\/\" target=\"_self\">Tule t\u00f6\u00f6le<\/a>\n    <\/div>\n      <\/div>\n  <\/section>\n\n  <\/div>\n\n\n\n<section  class=\"max--width--medium\">\n  <div class=\"divider divider--light-blue\">\n    <hr>\n  <\/div>\n<\/section>\n\n  <div class=\"block__transparent\">\n  <section   class=\"block__wrapper block__padded instagram-feed max--width--medium block__transparent\" style=\"--p-top-desktop: 10rem; --p-bottom-desktop: 0rem; --p-top-mobile: 7rem; --p-bottom-mobile: 0rem\">\n    <div class=\"instagram-feed__wrapper\">\n              <div class=\"block__head instagram-feed__title\">\n          <h2>J\u00e4lgi meie tegemisi sotsiaalmeedias<\/h2>\n        <\/div>\n      \n      <div class=\"instagram-feed__content\">\n        \n<div id=\"sb_instagram\"  class=\"sbi sbi_mob_col_2 sbi_tab_col_2 sbi_col_4 sbi_width_resp\" style=\"padding-bottom: 20px;\"\t data-feedid=\"*1\"  data-res=\"auto\" data-cols=\"4\" data-colsmobile=\"2\" data-colstablet=\"2\" data-num=\"8\" data-nummobile=\"8\" data-item-padding=\"10\"\t data-shortcode-atts=\"{&quot;feed&quot;:&quot;1&quot;}\"  data-postid=\"264\" data-locatornonce=\"b19a6c2ba2\" data-imageaspectratio=\"1:1\" data-sbi-flags=\"favorLocal,ajaxPostLoad\">\n\t\n\t<div id=\"sbi_images\"  style=\"gap: 20px;\">\n\t\t\t<\/div>\n\n\t<div id=\"sbi_load\" >\n\n\t\n\t\n<\/div>\n\t\t<span class=\"sbi_resized_image_data\" data-feed-id=\"*1\"\n\t\t  data-resized=\"[]\">\n\t<\/span>\n\t<\/div>\n\n      <\/div>\n    <\/div>\n  <\/section>\n\n  <\/div>\n","protected":false},"excerpt":{"rendered":"","protected":false},"author":1,"featured_media":0,"parent":0,"menu_order":0,"comment_status":"closed","ping_status":"closed","template":"","meta":{"_acf_changed":false,"footnotes":""},"class_list":["post-264","page","type-page","status-publish","hentry"],"acf":[],"yoast_head":"<!-- This site is optimized with the Yoast SEO plugin v27.2 - https:\/\/yoast.com\/product\/yoast-seo-wordpress\/ -->\n<title>Avaleht - Pluvo<\/title>\n<meta name=\"robots\" content=\"index, follow, max-snippet:-1, max-image-preview:large, max-video-preview:-1\" \/>\n<link rel=\"canonical\" href=\"https:\/\/pluvo.ee\/en\/\" \/>\n<meta property=\"og:locale\" content=\"en_US\" \/>\n<meta property=\"og:type\" content=\"article\" \/>\n<meta property=\"og:title\" content=\"Avaleht - Pluvo\" \/>\n<meta property=\"og:url\" content=\"https:\/\/pluvo.ee\/en\/\" \/>\n<meta property=\"og:site_name\" content=\"Pluvo\" \/>\n<meta property=\"article:modified_time\" content=\"2025-03-19T08:23:54+00:00\" \/>\n<meta name=\"twitter:card\" content=\"summary_large_image\" \/>\n<meta name=\"twitter:label1\" content=\"Est. reading time\" \/>\n\t<meta name=\"twitter:data1\" content=\"5 minutes\" \/>\n<script type=\"application\/ld+json\" class=\"yoast-schema-graph\">{\"@context\":\"https:\/\/schema.org\",\"@graph\":[{\"@type\":\"WebPage\",\"@id\":\"https:\/\/pluvo.ee\/en\/\",\"url\":\"https:\/\/pluvo.ee\/en\/\",\"name\":\"Avaleht - Pluvo\",\"isPartOf\":{\"@id\":\"https:\/\/pluvo.ee\/en\/#website\"},\"datePublished\":\"2025-02-04T06:58:23+00:00\",\"dateModified\":\"2025-03-19T08:23:54+00:00\",\"breadcrumb\":{\"@id\":\"https:\/\/pluvo.ee\/en\/#breadcrumb\"},\"inLanguage\":\"en-US\",\"potentialAction\":[{\"@type\":\"ReadAction\",\"target\":[\"https:\/\/pluvo.ee\/en\/\"]}]},{\"@type\":\"BreadcrumbList\",\"@id\":\"https:\/\/pluvo.ee\/en\/#breadcrumb\",\"itemListElement\":[{\"@type\":\"ListItem\",\"position\":1,\"name\":\"Avaleht\",\"item\":\"https:\/\/pluvo.ee\/en\/\"},{\"@type\":\"ListItem\",\"position\":2,\"name\":\"Avaleht\"}]},{\"@type\":\"WebSite\",\"@id\":\"https:\/\/pluvo.ee\/en\/#website\",\"url\":\"https:\/\/pluvo.ee\/en\/\",\"name\":\"Pluvo\",\"description\":\"\",\"publisher\":{\"@id\":\"https:\/\/pluvo.ee\/en\/#organization\"},\"potentialAction\":[{\"@type\":\"SearchAction\",\"target\":{\"@type\":\"EntryPoint\",\"urlTemplate\":\"https:\/\/pluvo.ee\/en\/?s={search_term_string}\"},\"query-input\":{\"@type\":\"PropertyValueSpecification\",\"valueRequired\":true,\"valueName\":\"search_term_string\"}}],\"inLanguage\":\"en-US\"},{\"@type\":\"Organization\",\"@id\":\"https:\/\/pluvo.ee\/en\/#organization\",\"name\":\"Pluvo\",\"url\":\"https:\/\/pluvo.ee\/en\/\",\"logo\":{\"@type\":\"ImageObject\",\"inLanguage\":\"en-US\",\"@id\":\"https:\/\/pluvo.ee\/en\/#\/schema\/logo\/image\/\",\"url\":\"https:\/\/pluvo.ee\/wp-content\/uploads\/2025\/02\/Logo_sinine.svg\",\"contentUrl\":\"https:\/\/pluvo.ee\/wp-content\/uploads\/2025\/02\/Logo_sinine.svg\",\"width\":1,\"height\":1,\"caption\":\"Pluvo\"},\"image\":{\"@id\":\"https:\/\/pluvo.ee\/en\/#\/schema\/logo\/image\/\"}}]}<\/script>\n<!-- \/ Yoast SEO plugin. -->","yoast_head_json":{"title":"Avaleht - Pluvo","robots":{"index":"index","follow":"follow","max-snippet":"max-snippet:-1","max-image-preview":"max-image-preview:large","max-video-preview":"max-video-preview:-1"},"canonical":"https:\/\/pluvo.ee\/en\/","og_locale":"en_US","og_type":"article","og_title":"Avaleht - Pluvo","og_url":"https:\/\/pluvo.ee\/en\/","og_site_name":"Pluvo","article_modified_time":"2025-03-19T08:23:54+00:00","twitter_card":"summary_large_image","twitter_misc":{"Est. reading time":"5 minutes"},"schema":{"@context":"https:\/\/schema.org","@graph":[{"@type":"WebPage","@id":"https:\/\/pluvo.ee\/en\/","url":"https:\/\/pluvo.ee\/en\/","name":"Avaleht - Pluvo","isPartOf":{"@id":"https:\/\/pluvo.ee\/en\/#website"},"datePublished":"2025-02-04T06:58:23+00:00","dateModified":"2025-03-19T08:23:54+00:00","breadcrumb":{"@id":"https:\/\/pluvo.ee\/en\/#breadcrumb"},"inLanguage":"en-US","potentialAction":[{"@type":"ReadAction","target":["https:\/\/pluvo.ee\/en\/"]}]},{"@type":"BreadcrumbList","@id":"https:\/\/pluvo.ee\/en\/#breadcrumb","itemListElement":[{"@type":"ListItem","position":1,"name":"Avaleht","item":"https:\/\/pluvo.ee\/en\/"},{"@type":"ListItem","position":2,"name":"Avaleht"}]},{"@type":"WebSite","@id":"https:\/\/pluvo.ee\/en\/#website","url":"https:\/\/pluvo.ee\/en\/","name":"Pluvo","description":"","publisher":{"@id":"https:\/\/pluvo.ee\/en\/#organization"},"potentialAction":[{"@type":"SearchAction","target":{"@type":"EntryPoint","urlTemplate":"https:\/\/pluvo.ee\/en\/?s={search_term_string}"},"query-input":{"@type":"PropertyValueSpecification","valueRequired":true,"valueName":"search_term_string"}}],"inLanguage":"en-US"},{"@type":"Organization","@id":"https:\/\/pluvo.ee\/en\/#organization","name":"Pluvo","url":"https:\/\/pluvo.ee\/en\/","logo":{"@type":"ImageObject","inLanguage":"en-US","@id":"https:\/\/pluvo.ee\/en\/#\/schema\/logo\/image\/","url":"https:\/\/pluvo.ee\/wp-content\/uploads\/2025\/02\/Logo_sinine.svg","contentUrl":"https:\/\/pluvo.ee\/wp-content\/uploads\/2025\/02\/Logo_sinine.svg","width":1,"height":1,"caption":"Pluvo"},"image":{"@id":"https:\/\/pluvo.ee\/en\/#\/schema\/logo\/image\/"}}]}},"_links":{"self":[{"href":"https:\/\/pluvo.ee\/en\/wp-json\/wp\/v2\/pages\/264","targetHints":{"allow":["GET"]}}],"collection":[{"href":"https:\/\/pluvo.ee\/en\/wp-json\/wp\/v2\/pages"}],"about":[{"href":"https:\/\/pluvo.ee\/en\/wp-json\/wp\/v2\/types\/page"}],"author":[{"embeddable":true,"href":"https:\/\/pluvo.ee\/en\/wp-json\/wp\/v2\/users\/1"}],"replies":[{"embeddable":true,"href":"https:\/\/pluvo.ee\/en\/wp-json\/wp\/v2\/comments?post=264"}],"version-history":[{"count":0,"href":"https:\/\/pluvo.ee\/en\/wp-json\/wp\/v2\/pages\/264\/revisions"}],"wp:attachment":[{"href":"https:\/\/pluvo.ee\/en\/wp-json\/wp\/v2\/media?parent=264"}],"curies":[{"name":"wp","href":"https:\/\/api.w.org\/{rel}","templated":true}]}}